{"id":8,"date":"2018-10-31T10:48:04","date_gmt":"2018-10-31T10:48:04","guid":{"rendered":"http:\/\/www.nickel-shk.de\/?page_id=8"},"modified":"2025-03-20T09:41:23","modified_gmt":"2025-03-20T09:41:23","slug":"impressum","status":"publish","type":"page","link":"https:\/\/www.nickel-shk.de\/?page_id=8","title":{"rendered":"Impressum"},"content":{"rendered":"<p>Nickel Heizung und Sanit\u00e4rtechnik GmbH<br \/>\nGesch\u00e4ftsf\u00fchrer Daniel Nickel<br \/>\nAuf dem Kampe 22<br \/>\n29355 Beedenbostel<\/p>\n<p><a href=\"mailto:kontakt@nickel-shk.de\">kontakt@nickel-shk.de<\/a><br \/>\nTel.: 05145280645<br \/>\nFax. 05145280931<\/p>\n<p>Umsatzsteuer-Identifikationsnummer gem. \u00a7 27a UStG: DE209193435<\/p>\n<p>Inhaltlich Verantwortlicher gem. \u00a7 55 II RStV: Daniel Nickel (Anschrift s.o.)<\/p>\n<p><strong>Bildlizenzen<br \/>\n<a href=\"https:\/\/de.123rf.com\/profile_bacho12345\"><i>\u00a9 bacho12345 \/ 123RF.com<\/i><\/a><br \/>\n<\/strong><\/p>\n","protected":false},"excerpt":{"rendered":"<p>Nickel Heizung und Sanit\u00e4rtechnik GmbH Gesch\u00e4ftsf\u00fchrer Daniel Nickel Auf dem Kampe 22 29355 Beedenbostel kontakt@nickel-shk.de Tel.: 05145280645 Fax. 05145280931 Umsatzsteuer-Identifikationsnummer gem. \u00a7 27a UStG: DE209193435 Inhaltlich Verantwortlicher gem. \u00a7 55 II RStV: Daniel Nickel (Anschrift s.o.) Bildlizenzen \u00a9 bacho12345 \/ &hellip; <a href=\"https:\/\/www.nickel-shk.de\/?page_id=8\">Weiter<\/a><\/p>\n","protected":false},"author":1,"featured_media":0,"parent":0,"menu_order":0,"comment_status":"closed","ping_status":"closed","template":"","meta":{"kt_blocks_editor_width":"","footnotes":""},"class_list":["post-8","page","type-page","status-publish","hentry"],"_links":{"self":[{"href":"https:\/\/www.nickel-shk.de\/index.php?rest_route=\/wp\/v2\/pages\/8","targetHints":{"allow":["GET"]}}],"collection":[{"href":"https:\/\/www.nickel-shk.de\/index.php?rest_route=\/wp\/v2\/pages"}],"about":[{"href":"https:\/\/www.nickel-shk.de\/index.php?rest_route=\/wp\/v2\/types\/page"}],"author":[{"embeddable":true,"href":"https:\/\/www.nickel-shk.de\/index.php?rest_route=\/wp\/v2\/users\/1"}],"replies":[{"embeddable":true,"href":"https:\/\/www.nickel-shk.de\/index.php?rest_route=%2Fwp%2Fv2%2Fcomments&post=8"}],"version-history":[{"count":7,"href":"https:\/\/www.nickel-shk.de\/index.php?rest_route=\/wp\/v2\/pages\/8\/revisions"}],"predecessor-version":[{"id":106,"href":"https:\/\/www.nickel-shk.de\/index.php?rest_route=\/wp\/v2\/pages\/8\/revisions\/106"}],"wp:attachment":[{"href":"https:\/\/www.nickel-shk.de\/index.php?rest_route=%2Fwp%2Fv2%2Fmedia&parent=8"}],"curies":[{"name":"wp","href":"https:\/\/api.w.org\/{rel}","templated":true}]}}