{"id":19,"date":"2018-10-31T11:17:18","date_gmt":"2018-10-31T11:17:18","guid":{"rendered":"http:\/\/www.nickel-shk.de\/?page_id=19"},"modified":"2024-07-24T09:35:27","modified_gmt":"2024-07-24T09:35:27","slug":"ueber-uns","status":"publish","type":"page","link":"https:\/\/www.nickel-shk.de\/","title":{"rendered":"Stellenangebote"},"content":{"rendered":"\n<p>Als inhabergef\u00fchrtes Familienunternehmen stehen wir seit 20 Jahren f\u00fcr gute Haustechnik und zuverl\u00e4ssige Arbeit. Aktuell m\u00f6chten wir unser Team in folgenden Bereichen verst\u00e4rken:<\/p>\n\n\n\n<div class=\"wp-block-columns is-layout-flex wp-container-core-columns-is-layout-1 wp-block-columns-is-layout-flex\">\n<div class=\"wp-block-column is-layout-flow wp-block-column-is-layout-flow\">\n<h2 class=\"wp-block-heading\" id=\"kt-adv-heading_87fb6a-9f\">Meister Sanit\u00e4r Heizung Elektro (m\/w\/d)<\/h2>\n\n\n\n<h4 class=\"wp-block-heading\">Aufgabenbereich<\/h4>\n\n\n\n<ul class=\"wp-block-list\">\n<li>Betreuung und Abwicklung von Baustellen bzw. Projekten im Bereich Heizung und Sanit\u00e4r<\/li>\n\n\n\n<li>Durchf\u00fchren von Reparatur-, Wartungs- und Instandsetzungsarbeiten komplexer Heizungs- und Sanit\u00e4ranlagen<\/li>\n\n\n\n<li>Erstellen von Fehleranalysen mit anschlie\u00dfender St\u00f6rungsbeseitigung<\/li>\n\n\n\n<li>Unterst\u00fctzung der Projektleitung<\/li>\n\n\n\n<li>Anfertigen von Berichten, Protokollen, Produktdatenbl\u00e4ttern, etc.<\/li>\n<\/ul>\n\n\n\n<h4 class=\"wp-block-heading\">Anforderungen<\/h4>\n\n\n\n<ul class=\"wp-block-list\">\n<li>Mindestens eine der folgenden abgeschlossenen Ausbildungen:<\/li>\n<\/ul>\n\n\n\n<ol class=\"wp-block-list\">\n<li>Heizungs- und Sanit\u00e4rinstallateur\/in mit Weiterbildung zum\/r Meister\/in<\/li>\n\n\n\n<li>Anlagenmechaniker\/in Sanit\u00e4r-, Heizungs- und Klimatechnik mit Weiterbildung zum\/r Meister\/in<\/li>\n\n\n\n<li>Meister\/in im Fachbereich Elektrotechnik<\/li>\n<\/ol>\n\n\n\n<ul class=\"wp-block-list\">\n<li>Kenntnisse in der Installation und Montage von Heizanlagen<\/li>\n\n\n\n<li>Kundenorientiertes Denken<\/li>\n\n\n\n<li>Zuverl\u00e4ssige und selbst\u00e4ndige Arbeitsweise<\/li>\n\n\n\n<li>F\u00fchrerschein Klasse B (erforderlich)<\/li>\n\n\n\n<li>Sprache Deutsch (erforderlich)<\/li>\n<\/ul>\n\n\n\n<h4 class=\"wp-block-heading\">Wir bieten<\/h4>\n\n\n\n<ul class=\"wp-block-list\">\n<li>Unbefristeter Vertrag<\/li>\n\n\n\n<li>\u00dcbertarifliche Leistungen<\/li>\n\n\n\n<li>Fort- und Weiterbildungen<\/li>\n<\/ul>\n\n\n\n<p>Interesse geweckt? Dann bewirb dich jetzt unter&nbsp;<a href=\"mailto:bewerbung@nickel-shk.de\">bewerbung@nickel-shk.de<\/a>&nbsp;oder ruf uns an unter<\/p>\n\n\n\n<p>Ansprechpartnerin<br>Julia Nickel<br>Tel.: 05145-280645<\/p>\n<\/div>\n\n\n\n<div class=\"wp-block-column is-layout-flow wp-block-column-is-layout-flow\">\n<h2 class=\"wp-block-heading\" id=\"kt-adv-heading_468368-67\">Monteur f\u00fcr Sanit\u00e4r- und Heizungstechnik (m\/w\/d)<\/h2>\n\n\n\n<h4 class=\"wp-block-heading\">Aufgabenbereich<\/h4>\n\n\n\n<ul class=\"wp-block-list\">\n<li>Montage\/Kundendienst<\/li>\n\n\n\n<li>Anschluss von Sanit\u00e4r- und Heizungsanlagen jeglicher Art im Alt- und Neubau<\/li>\n\n\n\n<li>Reparaturarbeiten an Sanit\u00e4r- und Heizungstechnik sowie haustechnischen Anlagen im Rahmen von Servicearbeiten im Landkreis Celle, Gifhorn und Hannover\u00b4<\/li>\n\n\n\n<li>Roh- und Endmontage von hochwertigen Badsanierungen<\/li>\n<\/ul>\n\n\n\n<h4 class=\"wp-block-heading\">Anforderungen<\/h4>\n\n\n\n<ul class=\"wp-block-list\">\n<li>Lehre\/Ausbildung (Erforderlich)<\/li>\n\n\n\n<li>F\u00fchrerschein (Erforderlich)<\/li>\n\n\n\n<li>Sprache Deutsch (Erforderlich)<\/li>\n<\/ul>\n\n\n\n<h4 class=\"wp-block-heading\">Wir bieten<\/h4>\n\n\n\n<ul class=\"wp-block-list\">\n<li>Unbefristeter Vertrag<\/li>\n\n\n\n<li>\u00dcbertarifliche Leistungen<\/li>\n\n\n\n<li>Fort- und Weiterbildungen<\/li>\n\n\n\n<li>Eigener Firmenwagen mit Regal- und Sortimenteinrichtung<\/li>\n<\/ul>\n\n\n\n<p>Du bist gelernter Anlagenmechaniker, Gas- und Wasserinstallateur, Zentralheizungs- und L\u00fcftungsbauer, Installateur \/ Monteur f\u00fcr Sanit\u00e4r-, Heizung und Klimatechnik, Klempner oder Heizungsbauer (m\/w\/d) oder hast eine vergleichbare Ausbildung absolviert?<\/p>\n\n\n\n<p>Dann bewirb dich jetzt!<\/p>\n\n\n\n<p>Ansprechpartnerin<br>Julia Nickel<br>Tel.: 05145-280645<\/p>\n<\/div>\n<\/div>\n","protected":false},"excerpt":{"rendered":"<p>Als inhabergef\u00fchrtes Familienunternehmen stehen wir seit 20 Jahren f\u00fcr gute Haustechnik und zuverl\u00e4ssige Arbeit. Aktuell m\u00f6chten wir unser Team in folgenden Bereichen verst\u00e4rken: Meister Sanit\u00e4r Heizung Elektro (m\/w\/d) Aufgabenbereich Anforderungen Wir bieten Interesse geweckt? Dann bewirb dich jetzt unter&nbsp;bewerbung@nickel-shk.de&nbsp;oder ruf &hellip; <a href=\"https:\/\/www.nickel-shk.de\/\">Weiter<\/a><\/p>\n","protected":false},"author":1,"featured_media":0,"parent":0,"menu_order":0,"comment_status":"closed","ping_status":"closed","template":"","meta":{"kt_blocks_editor_width":"","footnotes":""},"class_list":["post-19","page","type-page","status-publish","hentry"],"_links":{"self":[{"href":"https:\/\/www.nickel-shk.de\/index.php?rest_route=\/wp\/v2\/pages\/19","targetHints":{"allow":["GET"]}}],"collection":[{"href":"https:\/\/www.nickel-shk.de\/index.php?rest_route=\/wp\/v2\/pages"}],"about":[{"href":"https:\/\/www.nickel-shk.de\/index.php?rest_route=\/wp\/v2\/types\/page"}],"author":[{"embeddable":true,"href":"https:\/\/www.nickel-shk.de\/index.php?rest_route=\/wp\/v2\/users\/1"}],"replies":[{"embeddable":true,"href":"https:\/\/www.nickel-shk.de\/index.php?rest_route=%2Fwp%2Fv2%2Fcomments&post=19"}],"version-history":[{"count":10,"href":"https:\/\/www.nickel-shk.de\/index.php?rest_route=\/wp\/v2\/pages\/19\/revisions"}],"predecessor-version":[{"id":103,"href":"https:\/\/www.nickel-shk.de\/index.php?rest_route=\/wp\/v2\/pages\/19\/revisions\/103"}],"wp:attachment":[{"href":"https:\/\/www.nickel-shk.de\/index.php?rest_route=%2Fwp%2Fv2%2Fmedia&parent=19"}],"curies":[{"name":"wp","href":"https:\/\/api.w.org\/{rel}","templated":true}]}}